{"id":148,"date":"2023-10-31T14:01:41","date_gmt":"2023-10-31T14:01:41","guid":{"rendered":"http:\/\/1905.repeat.is\/?page_id=148"},"modified":"2024-10-09T15:22:46","modified_gmt":"2024-10-09T15:22:46","slug":"brudkaup","status":"publish","type":"page","link":"https:\/\/1905.is\/?page_id=148","title":{"rendered":"Br\u00fa\u00f0kaup"},"content":{"rendered":"\t\t<div data-elementor-type=\"wp-page\" data-elementor-id=\"148\" class=\"elementor elementor-148\" data-elementor-post-type=\"page\">\n\t\t\t\t\t\t\t<div class=\"elementor-element elementor-element-18506417 e-con-full e-flex e-con e-parent\" data-id=\"18506417\" data-element_type=\"container\" data-settings=\"{&quot;background_background&quot;:&quot;classic&quot;,&quot;content_width&quot;:&quot;full&quot;}\" data-core-v316-plus=\"true\">\n\t\t\t\t<div class=\"elementor-element elementor-element-d9bc3c2 elementor-widget__width-initial elementor-widget elementor-widget-image\" data-id=\"d9bc3c2\" data-element_type=\"widget\" data-widget_type=\"image.default\">\n\t\t\t\t<div class=\"elementor-widget-container\">\n\t\t\t<style>\/*! elementor - v3.18.0 - 20-12-2023 *\/\n.elementor-widget-image{text-align:center}.elementor-widget-image a{display:inline-block}.elementor-widget-image a img[src$=\".svg\"]{width:48px}.elementor-widget-image img{vertical-align:middle;display:inline-block}<\/style>\t\t\t\t\t\t\t\t\t\t\t\t<img fetchpriority=\"high\" decoding=\"async\" width=\"768\" height=\"768\" src=\"https:\/\/1905.is\/wp-content\/uploads\/2023\/10\/myndblo\u0301m1-1-768x768.jpg\" class=\"attachment-medium_large size-medium_large wp-image-66\" alt=\"\" srcset=\"https:\/\/1905.is\/wp-content\/uploads\/2023\/10\/myndblo\u0301m1-1-768x768.jpg 768w, https:\/\/1905.is\/wp-content\/uploads\/2023\/10\/myndblo\u0301m1-1-300x300.jpg 300w, https:\/\/1905.is\/wp-content\/uploads\/2023\/10\/myndblo\u0301m1-1-1024x1024.jpg 1024w, https:\/\/1905.is\/wp-content\/uploads\/2023\/10\/myndblo\u0301m1-1-150x150.jpg 150w, https:\/\/1905.is\/wp-content\/uploads\/2023\/10\/myndblo\u0301m1-1.jpg 1365w\" sizes=\"(max-width: 768px) 100vw, 768px\" \/>\t\t\t\t\t\t\t\t\t\t\t\t\t\t\t<\/div>\n\t\t\t\t<\/div>\n\t\t<div class=\"elementor-element elementor-element-318587eb e-con-full e-flex e-con e-child\" data-id=\"318587eb\" data-element_type=\"container\" data-settings=\"{&quot;content_width&quot;:&quot;full&quot;}\">\n\t\t\t\t<div class=\"elementor-element elementor-element-46f93636 elementor-widget__width-inherit elementor-widget elementor-widget-heading\" data-id=\"46f93636\" data-element_type=\"widget\" data-widget_type=\"heading.default\">\n\t\t\t\t<div class=\"elementor-widget-container\">\n\t\t\t<style>\/*! elementor - v3.18.0 - 20-12-2023 *\/\n.elementor-heading-title{padding:0;margin:0;line-height:1}.elementor-widget-heading .elementor-heading-title[class*=elementor-size-]>a{color:inherit;font-size:inherit;line-height:inherit}.elementor-widget-heading .elementor-heading-title.elementor-size-small{font-size:15px}.elementor-widget-heading .elementor-heading-title.elementor-size-medium{font-size:19px}.elementor-widget-heading .elementor-heading-title.elementor-size-large{font-size:29px}.elementor-widget-heading .elementor-heading-title.elementor-size-xl{font-size:39px}.elementor-widget-heading .elementor-heading-title.elementor-size-xxl{font-size:59px}<\/style><h2 class=\"elementor-heading-title elementor-size-default\">Br\u00fa\u00f0kaup<\/h2>\t\t<\/div>\n\t\t\t\t<\/div>\n\t\t\t\t<div class=\"elementor-element elementor-element-4519fb3d elementor-widget__width-initial elementor-widget-mobile__width-inherit elementor-invisible elementor-widget elementor-widget-icon-box\" data-id=\"4519fb3d\" data-element_type=\"widget\" data-settings=\"{&quot;_animation&quot;:&quot;fadeInUp&quot;}\" data-widget_type=\"icon-box.default\">\n\t\t\t\t<div class=\"elementor-widget-container\">\n\t\t\t<link rel=\"stylesheet\" href=\"https:\/\/1905.is\/wp-content\/plugins\/elementor\/assets\/css\/widget-icon-box.min.css\">\t\t<div class=\"elementor-icon-box-wrapper\">\n\t\t\t\t\t\t<div class=\"elementor-icon-box-content\">\n\t\t\t\t<h3 class=\"elementor-icon-box-title\">\n\t\t\t\t\t<span  >\n\t\t\t\t\t\tVi\u00f0 s\u00e9rh\u00e6fum okkur \u00ed br\u00fa\u00f0kaupum\t\t\t\t\t<\/span>\n\t\t\t\t<\/h3>\n\t\t\t\t\t\t\t\t\t<p class=\"elementor-icon-box-description\">\n\t\t\t\t\t\tKomdu \u00ed h\u00f3p af hundr\u00f0u\u00f0um br\u00fa\u00f0kaupa sem vi\u00f0 h\u00f6fum s\u00e9\u00f0 um bl\u00f3min \u00ed !\t\t\t\t\t<\/p>\n\t\t\t\t\t\t\t<\/div>\n\t\t<\/div>\n\t\t\t\t<\/div>\n\t\t\t\t<\/div>\n\t\t\t\t<div class=\"elementor-element elementor-element-345d1c05 elementor-widget__width-initial elementor-widget-mobile__width-inherit elementor-invisible elementor-widget elementor-widget-icon-box\" data-id=\"345d1c05\" data-element_type=\"widget\" data-settings=\"{&quot;_animation&quot;:&quot;fadeInUp&quot;}\" data-widget_type=\"icon-box.default\">\n\t\t\t\t<div class=\"elementor-widget-container\">\n\t\t\t\t\t<div class=\"elementor-icon-box-wrapper\">\n\t\t\t\t\t\t<div class=\"elementor-icon-box-content\">\n\t\t\t\t<h3 class=\"elementor-icon-box-title\">\n\t\t\t\t\t<span  >\n\t\t\t\t\t\tH\u00f6nnun\t\t\t\t\t<\/span>\n\t\t\t\t<\/h3>\n\t\t\t\t\t\t\t\t\t<p class=\"elementor-icon-box-description\">\n\t\t\t\t\t\tVi\u00f0 s\u00e9rh\u00e6fum okkur \u00ed a\u00f0 gera pers\u00f3nulegar bl\u00f3mskreytingar til a\u00f0 gera br\u00fa\u00f0kaupi\u00f0 \u00f3gleymanlegt!\t\t\t\t\t<\/p>\n\t\t\t\t\t\t\t<\/div>\n\t\t<\/div>\n\t\t\t\t<\/div>\n\t\t\t\t<\/div>\n\t\t\t\t<div class=\"elementor-element elementor-element-58c3e5d elementor-widget__width-initial elementor-widget-mobile__width-inherit elementor-invisible elementor-widget elementor-widget-icon-box\" data-id=\"58c3e5d\" data-element_type=\"widget\" data-settings=\"{&quot;_animation&quot;:&quot;fadeInUp&quot;}\" data-widget_type=\"icon-box.default\">\n\t\t\t\t<div class=\"elementor-widget-container\">\n\t\t\t\t\t<div class=\"elementor-icon-box-wrapper\">\n\t\t\t\t\t\t<div class=\"elementor-icon-box-content\">\n\t\t\t\t<h3 class=\"elementor-icon-box-title\">\n\t\t\t\t\t<span  >\n\t\t\t\t\t\tG\u00e6\u00f0i skipta m\u00e1li\t\t\t\t\t<\/span>\n\t\t\t\t<\/h3>\n\t\t\t\t\t\t\t\t\t<p class=\"elementor-icon-box-description\">\n\t\t\t\t\t\tMagna\u00f0u upp br\u00fa\u00f0kaupi\u00f0 me\u00f0 ferskum og n\u00fdjum bl\u00f3mum og bl\u00f3mv\u00f6ndum fr\u00e1 okkur.\t\t\t\t\t<\/p>\n\t\t\t\t\t\t\t<\/div>\n\t\t<\/div>\n\t\t\t\t<\/div>\n\t\t\t\t<\/div>\n\t\t\t\t<div class=\"elementor-element elementor-element-76e1f277 elementor-widget__width-initial elementor-widget-mobile__width-inherit elementor-invisible elementor-widget elementor-widget-icon-box\" data-id=\"76e1f277\" data-element_type=\"widget\" data-settings=\"{&quot;_animation&quot;:&quot;fadeInUp&quot;}\" data-widget_type=\"icon-box.default\">\n\t\t\t\t<div class=\"elementor-widget-container\">\n\t\t\t\t\t<div class=\"elementor-icon-box-wrapper\">\n\t\t\t\t\t\t<div class=\"elementor-icon-box-content\">\n\t\t\t\t<h3 class=\"elementor-icon-box-title\">\n\t\t\t\t\t<span  >\n\t\t\t\t\t\tFagleg r\u00e1\u00f0gj\u00f6f\t\t\t\t\t<\/span>\n\t\t\t\t<\/h3>\n\t\t\t\t\t\t\t\t\t<p class=\"elementor-icon-box-description\">\n\t\t\t\t\t\tVi\u00f0 h\u00f6fum s\u00e9\u00f0 um m\u00f6rg br\u00fa\u00f0kaup um land allt um \u00e1rabil, komdu \u00ed stresslaust bl\u00f3mal\u00edf og l\u00e1ttu okkur sj\u00e1 um bl\u00f3min\t\t\t\t\t<\/p>\n\t\t\t\t\t\t\t<\/div>\n\t\t<\/div>\n\t\t\t\t<\/div>\n\t\t\t\t<\/div>\n\t\t\t\t<\/div>\n\t\t\t\t<\/div>\n\t\t\t\t\t\t\t<\/div>\n\t\t","protected":false},"excerpt":{"rendered":"<p>Br\u00fa\u00f0kaup Vi\u00f0 s\u00e9rh\u00e6fum okkur \u00ed br\u00fa\u00f0kaupum Komdu \u00ed h\u00f3p af hundr\u00f0u\u00f0um br\u00fa\u00f0kaupa sem vi\u00f0 h\u00f6fum s\u00e9\u00f0 um bl\u00f3min \u00ed ! H\u00f6nnun Vi\u00f0 s\u00e9rh\u00e6fum okkur \u00ed a\u00f0 gera pers\u00f3nulegar bl\u00f3mskreytingar til a\u00f0 gera br\u00fa\u00f0kaupi\u00f0 \u00f3gleymanlegt! G\u00e6\u00f0i skipta m\u00e1li Magna\u00f0u upp br\u00fa\u00f0kaupi\u00f0 me\u00f0 ferskum og n\u00fdjum bl\u00f3mum og bl\u00f3mv\u00f6ndum fr\u00e1 okkur. Fagleg r\u00e1\u00f0gj\u00f6f Vi\u00f0 h\u00f6fum s\u00e9\u00f0 um [&hellip;]<\/p>\n","protected":false},"author":1,"featured_media":0,"parent":0,"menu_order":0,"comment_status":"closed","ping_status":"closed","template":"","meta":{"footnotes":""},"class_list":["post-148","page","type-page","status-publish","hentry"],"_links":{"self":[{"href":"https:\/\/1905.is\/index.php?rest_route=\/wp\/v2\/pages\/148","targetHints":{"allow":["GET"]}}],"collection":[{"href":"https:\/\/1905.is\/index.php?rest_route=\/wp\/v2\/pages"}],"about":[{"href":"https:\/\/1905.is\/index.php?rest_route=\/wp\/v2\/types\/page"}],"author":[{"embeddable":true,"href":"https:\/\/1905.is\/index.php?rest_route=\/wp\/v2\/users\/1"}],"replies":[{"embeddable":true,"href":"https:\/\/1905.is\/index.php?rest_route=%2Fwp%2Fv2%2Fcomments&post=148"}],"version-history":[{"count":22,"href":"https:\/\/1905.is\/index.php?rest_route=\/wp\/v2\/pages\/148\/revisions"}],"predecessor-version":[{"id":646,"href":"https:\/\/1905.is\/index.php?rest_route=\/wp\/v2\/pages\/148\/revisions\/646"}],"wp:attachment":[{"href":"https:\/\/1905.is\/index.php?rest_route=%2Fwp%2Fv2%2Fmedia&parent=148"}],"curies":[{"name":"wp","href":"https:\/\/api.w.org\/{rel}","templated":true}]}}