{"id":469,"date":"2024-01-30T11:35:51","date_gmt":"2024-01-30T11:35:51","guid":{"rendered":"https:\/\/1905.is\/?page_id=469"},"modified":"2024-10-09T15:19:44","modified_gmt":"2024-10-09T15:19:44","slug":"hafa-samband","status":"publish","type":"page","link":"https:\/\/1905.is\/?page_id=469","title":{"rendered":"Hafa samband"},"content":{"rendered":"<link rel=\"stylesheet\" href=\"https:\/\/1905.is\/wp-content\/plugins\/elementor\/assets\/css\/widget-icon-box.min.css\">\n<h2>\n\t\t\t\t\t\tSendu \u00e1 okkur spurningu!<br \/>\n\t\t\t\t<\/h2>\n<p>\n\t\t\t\t\t\tEf einhverjar spurningar vakna ekki hika vi\u00f0 a\u00f0 hafa samband og vi\u00f0 sv\u00f6rum \u00fe\u00e9r eins flj\u00f3tt og h\u00e6gt er !\t\t\t\t\t<\/p>\n<h3>\n\t\t\t\t\t\tKomdu vi\u00f0<br \/>\n\t\t\t\t<\/h3>\n<p>\n\t\t\t\t\t\tBr\u00faarstr\u00e6ti 1, 800 Selfossi \t\t\t\t\t<\/p>\n<h3>\n\t\t\t\t\t\tSendu okkur t\u00f6lvup\u00f3st.<br \/>\n\t\t\t\t<\/h3>\n<p>\n\t\t\t\t\t\ttbjarna@gmail.com\t\t\t\t\t<\/p>\n<h3>\n\t\t\t\t\t\tHringdu \u00ed okkur.<br \/>\n\t\t\t\t<\/h3>\n<p>\n\t\t\t\t\t\t775 1905 \t\t\t\t\t<\/p>\n","protected":false},"excerpt":{"rendered":"<p>Sendu \u00e1 okkur spurningu! Ef einhverjar spurningar vakna ekki hika vi\u00f0 a\u00f0 hafa samband og vi\u00f0 sv\u00f6rum \u00fe\u00e9r eins flj\u00f3tt og h\u00e6gt er ! Komdu vi\u00f0 Br\u00faarstr\u00e6ti 1, 800 Selfossi Sendu okkur t\u00f6lvup\u00f3st. tbjarna@gmail.com Hringdu \u00ed okkur. 775 1905<\/p>\n","protected":false},"author":1,"featured_media":0,"parent":0,"menu_order":0,"comment_status":"closed","ping_status":"closed","template":"","meta":{"footnotes":""},"class_list":["post-469","page","type-page","status-publish","hentry"],"_links":{"self":[{"href":"https:\/\/1905.is\/index.php?rest_route=\/wp\/v2\/pages\/469","targetHints":{"allow":["GET"]}}],"collection":[{"href":"https:\/\/1905.is\/index.php?rest_route=\/wp\/v2\/pages"}],"about":[{"href":"https:\/\/1905.is\/index.php?rest_route=\/wp\/v2\/types\/page"}],"author":[{"embeddable":true,"href":"https:\/\/1905.is\/index.php?rest_route=\/wp\/v2\/users\/1"}],"replies":[{"embeddable":true,"href":"https:\/\/1905.is\/index.php?rest_route=%2Fwp%2Fv2%2Fcomments&post=469"}],"version-history":[{"count":40,"href":"https:\/\/1905.is\/index.php?rest_route=\/wp\/v2\/pages\/469\/revisions"}],"predecessor-version":[{"id":606,"href":"https:\/\/1905.is\/index.php?rest_route=\/wp\/v2\/pages\/469\/revisions\/606"}],"wp:attachment":[{"href":"https:\/\/1905.is\/index.php?rest_route=%2Fwp%2Fv2%2Fmedia&parent=469"}],"curies":[{"name":"wp","href":"https:\/\/api.w.org\/{rel}","templated":true}]}}